{"id":5096,"date":"2022-01-27T14:33:17","date_gmt":"2022-01-27T14:33:17","guid":{"rendered":"https:\/\/dr-fassbender.de\/?page_id=5096"},"modified":"2022-01-27T14:55:56","modified_gmt":"2022-01-27T14:55:56","slug":"individuellegebuehreneinschaetzung","status":"publish","type":"page","link":"https:\/\/dr-fassbender.de\/en\/individuellegebuehreneinschaetzung\/","title":{"rendered":"Individuelle Geb\u00fchreneinsch\u00e4tzung"},"content":{"rendered":"<div data-elementor-type=\"wp-page\" data-elementor-id=\"5096\" class=\"elementor elementor-5096\">\n\t\t\t\t\t\t<section class=\"elementor-section elementor-top-section elementor-element elementor-element-596387f1 elementor-section-boxed elementor-section-height-default elementor-section-height-default\" data-id=\"596387f1\" data-element_type=\"section\" data-e-type=\"section\" data-settings=\"{&quot;background_background&quot;:&quot;classic&quot;}\">\n\t\t\t\t\t\t<div class=\"elementor-container elementor-column-gap-default\">\n\t\t\t\t\t<div class=\"elementor-column elementor-col-100 elementor-top-column elementor-element elementor-element-661a22f4\" data-id=\"661a22f4\" data-element_type=\"column\" data-e-type=\"column\">\n\t\t\t<div class=\"elementor-widget-wrap elementor-element-populated\">\n\t\t\t\t\t\t<div class=\"elementor-element elementor-element-7f74e9c4 elementor-widget elementor-widget-heading\" data-id=\"7f74e9c4\" data-element_type=\"widget\" data-e-type=\"widget\" data-widget_type=\"heading.default\">\n\t\t\t\t<div class=\"elementor-widget-container\">\n\t\t\t\t\t<h2 class=\"elementor-heading-title elementor-size-default\">Fee estimation<br><br><br><b>Customized for You<\/b><\/h2>\t\t\t\t<\/div>\n\t\t\t\t<\/div>\n\t\t\t\t\t<\/div>\n\t\t<\/div>\n\t\t\t\t\t<\/div>\n\t\t<\/section>\n\t\t\t\t<section class=\"elementor-section elementor-top-section elementor-element elementor-element-39d806f7 elementor-section-full_width elementor-section-height-default elementor-section-height-default\" data-id=\"39d806f7\" data-element_type=\"section\" data-e-type=\"section\">\n\t\t\t\t\t\t<div class=\"elementor-container elementor-column-gap-no\">\n\t\t\t\t\t<div class=\"elementor-column elementor-col-100 elementor-top-column elementor-element elementor-element-5d8c4716\" data-id=\"5d8c4716\" data-element_type=\"column\" data-e-type=\"column\">\n\t\t\t<div class=\"elementor-widget-wrap elementor-element-populated\">\n\t\t\t\t\t\t<div class=\"elementor-element elementor-element-49081778 elementor-widget elementor-widget-image\" data-id=\"49081778\" data-element_type=\"widget\" data-e-type=\"widget\" data-widget_type=\"image.default\">\n\t\t\t\t<div class=\"elementor-widget-container\">\n\t\t\t\t\t\t\t\t\t\t\t\t\t\t\t<img fetchpriority=\"high\" decoding=\"async\" width=\"3840\" height=\"397\" src=\"https:\/\/dr-fassbender.de\/wp-content\/uploads\/2022\/01\/Untitled-1.png\" class=\"attachment-full size-full wp-image-4881\" alt=\"\" srcset=\"https:\/\/dr-fassbender.de\/wp-content\/uploads\/2022\/01\/Untitled-1.png 3840w, https:\/\/dr-fassbender.de\/wp-content\/uploads\/2022\/01\/Untitled-1-300x31.png 300w, https:\/\/dr-fassbender.de\/wp-content\/uploads\/2022\/01\/Untitled-1-1024x106.png 1024w, https:\/\/dr-fassbender.de\/wp-content\/uploads\/2022\/01\/Untitled-1-768x79.png 768w, https:\/\/dr-fassbender.de\/wp-content\/uploads\/2022\/01\/Untitled-1-1536x159.png 1536w, https:\/\/dr-fassbender.de\/wp-content\/uploads\/2022\/01\/Untitled-1-2048x212.png 2048w, https:\/\/dr-fassbender.de\/wp-content\/uploads\/2022\/01\/Untitled-1-18x2.png 18w\" sizes=\"(max-width: 3840px) 100vw, 3840px\" \/>\t\t\t\t\t\t\t\t\t\t\t\t\t\t\t<\/div>\n\t\t\t\t<\/div>\n\t\t\t\t\t<\/div>\n\t\t<\/div>\n\t\t\t\t\t<\/div>\n\t\t<\/section>\n\t\t\t\t<section class=\"elementor-section elementor-top-section elementor-element elementor-element-34791bf5 elementor-section-boxed elementor-section-height-default elementor-section-height-default\" data-id=\"34791bf5\" data-element_type=\"section\" data-e-type=\"section\" data-settings=\"{&quot;background_background&quot;:&quot;classic&quot;}\">\n\t\t\t\t\t\t<div class=\"elementor-container elementor-column-gap-default\">\n\t\t\t\t\t<div class=\"elementor-column elementor-col-100 elementor-top-column elementor-element elementor-element-35475481\" data-id=\"35475481\" data-element_type=\"column\" data-e-type=\"column\">\n\t\t\t<div class=\"elementor-widget-wrap elementor-element-populated\">\n\t\t\t\t\t\t<div class=\"elementor-element elementor-element-47558e54 elementor-widget elementor-widget-text-editor\" data-id=\"47558e54\" data-element_type=\"widget\" data-e-type=\"widget\" data-widget_type=\"text-editor.default\">\n\t\t\t\t<div class=\"elementor-widget-container\">\n\t\t\t\t\t\t\t\t\t<h1 style=\"color: #303030; border: 0px; margin-right: 0px; margin-bottom: 0px; margin-left: 0px; padding: 0px; vertical-align: baseline; outline: 0px; font-size: 35px; line-height: 62px; font-family: Montserrat, sans-serif; text-align: center; background-position: 0px 0px;\"><span style=\"border: 0px; margin: 0px; padding: 0px; vertical-align: baseline; outline: 0px; background-position: 0px 0px;\">\u00a0<\/span><\/h1><h1 style=\"color: #303030; border: 0px; margin-right: 0px; margin-bottom: 0px; margin-left: 0px; padding: 0px; vertical-align: baseline; outline: 0px; font-size: 35px; line-height: 62px; font-family: Montserrat, sans-serif; text-align: center; background-position: 0px 0px;\"><span style=\"border: 0px; margin: 0px; padding: 0px; vertical-align: baseline; outline: 0px; background-position: 0px 0px;\">\u00a0<\/span><\/h1><h1 style=\"color: #303030; border: 0px; margin-right: 0px; margin-bottom: 0px; margin-left: 0px; padding: 0px; vertical-align: baseline; outline: 0px; font-size: 35px; line-height: 62px; font-family: Montserrat, sans-serif; text-align: center; background-position: 0px 0px;\"><span style=\"border: 0px; margin: 0px; padding: 0px; vertical-align: baseline; outline: 0px; background-position: 0px 0px;\">\u00a0<\/span><\/h1><h1 style=\"color: #303030; border: 0px; margin-right: 0px; margin-bottom: 0px; margin-left: 0px; padding: 0px; vertical-align: baseline; outline: 0px; font-size: 35px; line-height: 62px; font-family: Montserrat, sans-serif; text-align: center; background-position: 0px 0px;\"><span style=\"border: 0px; margin: 0px; padding: 0px; vertical-align: baseline; outline: 0px; background-position: 0px 0px;\">\u00a0<\/span><\/h1><h1 style=\"color: #303030; border: 0px; margin-right: 0px; margin-bottom: 0px; margin-left: 0px; padding: 0px; vertical-align: baseline; outline: 0px; font-size: 35px; line-height: 62px; font-family: Montserrat, sans-serif; text-align: center; background-position: 0px 0px;\"><span style=\"border: 0px; margin: 0px; padding: 0px; vertical-align: baseline; outline: 0px; background-position: 0px 0px;\">We estimate individually for your case the expected costs of a debt collection to be initiated first. \u00a0<\/span><\/h1><h1 style=\"color: #303030; border: 0px; margin-right: 0px; margin-bottom: 0px; margin-left: 0px; padding: 0px; vertical-align: baseline; outline: 0px; font-size: 35px; line-height: 62px; font-family: Montserrat, sans-serif; text-align: center; background-position: 0px 0px;\"><span style=\"text-align: left; border: 0px; margin: 0px; padding: 0px; vertical-align: baseline; outline: 0px; background-position: 0px 0px;\">\u00a0<\/span><\/h1><h1 style=\"color: #303030; border: 0px; margin-right: 0px; margin-bottom: 0px; margin-left: 0px; padding: 0px; vertical-align: baseline; outline: 0px; font-size: 35px; line-height: 62px; font-family: Montserrat, sans-serif; text-align: center; background-position: 0px 0px;\"><strong style=\"text-align: left; border: 0px; margin: 0px; padding: 0px; vertical-align: baseline; outline: 0px; background-position: 0px 0px;\">Please email us the following information:<\/strong><\/h1><h2 style=\"color: #3c3c3c; border: 0px; margin-right: 0px; margin-bottom: 0px; margin-left: 0px; padding: 0px; vertical-align: baseline; outline: 0px; font-size: 25px; line-height: 1.384615384615385em; font-family: Montserrat, sans-serif; text-align: left; background-position: 0px 0px;\">\u00a0<\/h2><p>\u00a0<\/p>\t\t\t\t\t\t\t\t<\/div>\n\t\t\t\t<\/div>\n\t\t\t\t<div class=\"elementor-element elementor-element-8794ddd elementor-widget elementor-widget-text-editor\" data-id=\"8794ddd\" data-element_type=\"widget\" data-e-type=\"widget\" data-widget_type=\"text-editor.default\">\n\t\t\t\t<div class=\"elementor-widget-container\">\n\t\t\t\t\t\t\t\t\t<ol><li>Judgment \/ writ of execution \/ order \/ not. Deed (everything for the time being only as scan)<\/li><li>For attorneys: Receivables account (if available) or reference to partial payments of the debtor<\/li><li>For recurring payments, such as alimony or rent: Precise monthly list of amounts not paid by the debtor.<\/li><li>Indication of whether any other enforcement costs have been incurred.<\/li><li>Information on whether you know the debtor's current place of residence in Switzerland.<\/li><\/ol><div>\u00a0<\/div><div>\u00a0<\/div>\t\t\t\t\t\t\t\t<\/div>\n\t\t\t\t<\/div>\n\t\t\t\t<div class=\"elementor-element elementor-element-ee0b201 elementor-align-center elementor-widget elementor-widget-button\" data-id=\"ee0b201\" data-element_type=\"widget\" data-e-type=\"widget\" data-widget_type=\"button.default\">\n\t\t\t\t<div class=\"elementor-widget-container\">\n\t\t\t\t\t\t\t\t\t<div class=\"elementor-button-wrapper\">\n\t\t\t\t\t<a class=\"elementor-button elementor-button-link elementor-size-sm\" href=\"mailto:%20RA@Dr-Fassbender.de\">\n\t\t\t\t\t\t<span class=\"elementor-button-content-wrapper\">\n\t\t\t\t\t\t\t\t\t<span class=\"elementor-button-text\">Email us this info here<\/span>\n\t\t\t\t\t<\/span>\n\t\t\t\t\t<\/a>\n\t\t\t\t<\/div>\n\t\t\t\t\t\t\t\t<\/div>\n\t\t\t\t<\/div>\n\t\t\t\t\t<\/div>\n\t\t<\/div>\n\t\t\t\t\t<\/div>\n\t\t<\/section>\n\t\t\t\t<\/div>","protected":false},"excerpt":{"rendered":"<p>Geb\u00fchreneinsch\u00e4tzung Individuell f\u00fcr SIE \u00a0 \u00a0 \u00a0 \u00a0 Wir sch\u00e4tzen individuell f\u00fcr Ihren Fall die zu erwartenden Kosten einer zun\u00e4chst einzuleitenden Betreibung ein. \u00a0 \u00a0 Bitte senden Sie uns per Email die folgenden Informationen zu: \u00a0 \u00a0 Urteil \/ Vollstreckungsbescheid \/ Beschluss \/ not. Urkunde (alles vorerst nur als scan) F\u00fcr Anw\u00e4lte: Forderungskonto (falls vorhanden) [&hellip;]<\/p>\n","protected":false},"author":1,"featured_media":0,"parent":0,"menu_order":0,"comment_status":"closed","ping_status":"closed","template":"elementor_header_footer","meta":{"footnotes":""},"class_list":["post-5096","page","type-page","status-publish","hentry"],"jetpack_sharing_enabled":true,"_links":{"self":[{"href":"https:\/\/dr-fassbender.de\/en\/wp-json\/wp\/v2\/pages\/5096","targetHints":{"allow":["GET"]}}],"collection":[{"href":"https:\/\/dr-fassbender.de\/en\/wp-json\/wp\/v2\/pages"}],"about":[{"href":"https:\/\/dr-fassbender.de\/en\/wp-json\/wp\/v2\/types\/page"}],"author":[{"embeddable":true,"href":"https:\/\/dr-fassbender.de\/en\/wp-json\/wp\/v2\/users\/1"}],"replies":[{"embeddable":true,"href":"https:\/\/dr-fassbender.de\/en\/wp-json\/wp\/v2\/comments?post=5096"}],"version-history":[{"count":0,"href":"https:\/\/dr-fassbender.de\/en\/wp-json\/wp\/v2\/pages\/5096\/revisions"}],"wp:attachment":[{"href":"https:\/\/dr-fassbender.de\/en\/wp-json\/wp\/v2\/media?parent=5096"}],"curies":[{"name":"wp","href":"https:\/\/api.w.org\/{rel}","templated":true}]}}