{"id":1809,"date":"2021-12-30T10:07:17","date_gmt":"2021-12-30T10:07:17","guid":{"rendered":"https:\/\/dr-fassbender.de\/?page_id=1809"},"modified":"2022-01-25T07:00:08","modified_gmt":"2022-01-25T07:00:08","slug":"haftungsauschluss","status":"publish","type":"page","link":"https:\/\/dr-fassbender.de\/en\/haftungsauschluss\/","title":{"rendered":"Disclaimer"},"content":{"rendered":"<div data-elementor-type=\"wp-page\" data-elementor-id=\"1809\" class=\"elementor elementor-1809\">\n\t\t\t\t\t\t<section class=\"elementor-section elementor-top-section elementor-element elementor-element-747f1b0b elementor-section-boxed elementor-section-height-default elementor-section-height-default\" data-id=\"747f1b0b\" data-element_type=\"section\" data-e-type=\"section\" data-settings=\"{&quot;background_background&quot;:&quot;classic&quot;}\">\n\t\t\t\t\t\t<div class=\"elementor-container elementor-column-gap-default\">\n\t\t\t\t\t<div class=\"elementor-column elementor-col-100 elementor-top-column elementor-element elementor-element-36314340\" data-id=\"36314340\" data-element_type=\"column\" data-e-type=\"column\">\n\t\t\t<div class=\"elementor-widget-wrap elementor-element-populated\">\n\t\t\t\t\t\t<div class=\"elementor-element elementor-element-1e65be08 elementor-widget elementor-widget-heading\" data-id=\"1e65be08\" data-element_type=\"widget\" data-e-type=\"widget\" data-widget_type=\"heading.default\">\n\t\t\t\t<div class=\"elementor-widget-container\">\n\t\t\t\t\t<h2 class=\"elementor-heading-title elementor-size-default\">Dis-<\/h2>\t\t\t\t<\/div>\n\t\t\t\t<\/div>\n\t\t\t\t<div class=\"elementor-element elementor-element-7d70a11 elementor-widget elementor-widget-heading\" data-id=\"7d70a11\" data-element_type=\"widget\" data-e-type=\"widget\" data-widget_type=\"heading.default\">\n\t\t\t\t<div class=\"elementor-widget-container\">\n\t\t\t\t\t<h6 class=\"elementor-heading-title elementor-size-default\">Claimer<\/h6>\t\t\t\t<\/div>\n\t\t\t\t<\/div>\n\t\t\t\t\t<\/div>\n\t\t<\/div>\n\t\t\t\t\t<\/div>\n\t\t<\/section>\n\t\t\t\t<section class=\"elementor-section elementor-top-section elementor-element elementor-element-77832982 elementor-section-full_width elementor-section-height-default elementor-section-height-default\" data-id=\"77832982\" data-element_type=\"section\" data-e-type=\"section\">\n\t\t\t\t\t\t<div class=\"elementor-container elementor-column-gap-no\">\n\t\t\t\t\t<div class=\"elementor-column elementor-col-100 elementor-top-column elementor-element elementor-element-175b0c44\" data-id=\"175b0c44\" data-element_type=\"column\" data-e-type=\"column\">\n\t\t\t<div class=\"elementor-widget-wrap elementor-element-populated\">\n\t\t\t\t\t\t<div class=\"elementor-element elementor-element-575f5f21 elementor-widget elementor-widget-image\" data-id=\"575f5f21\" data-element_type=\"widget\" data-e-type=\"widget\" data-widget_type=\"image.default\">\n\t\t\t\t<div class=\"elementor-widget-container\">\n\t\t\t\t\t\t\t\t\t\t\t\t\t\t\t<img fetchpriority=\"high\" decoding=\"async\" width=\"1599\" height=\"170\" src=\"https:\/\/dr-fassbender.de\/wp-content\/uploads\/2022\/01\/banner-shape.png\" class=\"attachment-full size-full wp-image-4113\" alt=\"\" srcset=\"https:\/\/dr-fassbender.de\/wp-content\/uploads\/2022\/01\/banner-shape.png 1599w, https:\/\/dr-fassbender.de\/wp-content\/uploads\/2022\/01\/banner-shape-300x32.png 300w, https:\/\/dr-fassbender.de\/wp-content\/uploads\/2022\/01\/banner-shape-1024x109.png 1024w, https:\/\/dr-fassbender.de\/wp-content\/uploads\/2022\/01\/banner-shape-768x82.png 768w, https:\/\/dr-fassbender.de\/wp-content\/uploads\/2022\/01\/banner-shape-1536x163.png 1536w, https:\/\/dr-fassbender.de\/wp-content\/uploads\/2022\/01\/banner-shape-18x2.png 18w\" sizes=\"(max-width: 1599px) 100vw, 1599px\" \/>\t\t\t\t\t\t\t\t\t\t\t\t\t\t\t<\/div>\n\t\t\t\t<\/div>\n\t\t\t\t\t<\/div>\n\t\t<\/div>\n\t\t\t\t\t<\/div>\n\t\t<\/section>\n\t\t\t\t<section class=\"elementor-section elementor-top-section elementor-element elementor-element-55f5a7f elementor-section-boxed elementor-section-height-default elementor-section-height-default\" data-id=\"55f5a7f\" data-element_type=\"section\" data-e-type=\"section\" data-settings=\"{&quot;background_background&quot;:&quot;classic&quot;}\">\n\t\t\t\t\t\t<div class=\"elementor-container elementor-column-gap-default\">\n\t\t\t\t\t<div class=\"elementor-column elementor-col-100 elementor-top-column elementor-element elementor-element-85039c\" data-id=\"85039c\" data-element_type=\"column\" data-e-type=\"column\">\n\t\t\t<div class=\"elementor-widget-wrap elementor-element-populated\">\n\t\t\t\t\t\t<div class=\"elementor-element elementor-element-5b363ad elementor-widget elementor-widget-text-editor\" data-id=\"5b363ad\" data-element_type=\"widget\" data-e-type=\"widget\" data-widget_type=\"text-editor.default\">\n\t\t\t\t<div class=\"elementor-widget-container\">\n\t\t\t\t\t\t\t\t\t<h4><span style=\"border: 0px; margin: 0px; padding: 0px; vertical-align: baseline; outline: 0px; background-position: 0px 0px;\">Haftung f\u00fcr Inhalte (see English version further down)<\/span><\/h4>\n<div style=\"caret-color: #333333; color: #333333; font-family: Montserrat, sans-serif; font-size: 16px; text-align: left;\"><span style=\"font-family: &quot;Open Sans&quot;, sans-serif;\">Als Diensteanbieter sind wir gem\u00e4\u00df \u00a7 7 Abs.1 TMG f\u00fcr eigene Inhalte auf diesen Seiten nach den allgemeinen Gesetzen verantwortlich. Nach \u00a7\u00a7 8 bis 10 TMG sind wir als Diensteanbieter jedoch nicht verpflichtet, \u00fcbermittelte oder gespeicherte fremde Informationen zu \u00fcberwachen oder nach Umst\u00e4nden zu forschen, die auf eine rechtswidrige T\u00e4tigkeit hinweisen.<\/span><\/div><div style=\"caret-color: #333333; color: #333333; font-family: Montserrat, sans-serif; font-size: 16px; text-align: left; border: 0px; margin: 0px 0px 35px; padding: 0px; vertical-align: baseline; outline: 0px; background-position: 0px 0px;\"><div style=\"border: 0px; margin: 0px; padding: 0px; vertical-align: baseline; outline: 0px; background-position: 0px 0px;\"><div style=\"border: 0px; margin: 0px; padding: 0px; vertical-align: baseline; outline: 0px; background-position: 0px 0px;\"><div style=\"border: 0px; margin: 0px; padding: 0px; vertical-align: baseline; outline: 0px; background-position: 0px 0px;\">\n<p style=\"margin-right: 0px; margin-bottom: 0px; margin-left: 0px; border: 0px; padding: 0px; vertical-align: baseline; outline: 0px; font-family: 'Open Sans', sans-serif; line-height: 23px; background-position: 0px 0px;\">Verpflichtungen zur Entfernung oder Sperrung der Nutzung von Informationen nach den allgemeinen Gesetzen bleiben hiervon unber\u00fchrt. Eine diesbez\u00fcgliche Haftung ist jedoch erst ab dem Zeitpunkt der Kenntnis einer konkreten Rechtsverletzung m\u00f6glich. Bei Bekanntwerden von entsprechenden Rechtsverletzungen werden wir diese Inhalte umgehend entfernen.<\/p>\n<p style=\"margin-right: 0px; margin-bottom: 0px; margin-left: 0px; border: 0px; padding: 0px; vertical-align: baseline; outline: 0px; font-family: 'Open Sans', sans-serif; line-height: 23px; background-position: 0px 0px;\">\n<\/p><\/div>\n<\/div>\n<\/div>\n<\/div>\n<h4><span style=\"border: 0px; margin: 0px; padding: 0px; vertical-align: baseline; outline: 0px; background-position: 0px 0px;\">Haftung f\u00fcr Links<\/span><\/h4>\n<div style=\"caret-color: #333333; color: #333333; font-family: Montserrat, sans-serif; font-size: 16px; text-align: left;\"><span style=\"font-family: &quot;Open Sans&quot;, sans-serif;\">Unser Angebot enth\u00e4lt Links zu externen Websites Dritter, auf deren Inhalte wir keinen Einfluss haben. Deshalb k\u00f6nnen wir f\u00fcr diese fremden Inhalte auch keine Gew\u00e4hr \u00fcbernehmen. F\u00fcr die Inhalte der verlinkten Seiten ist stets der jeweilige Anbieter oder Betreiber der Seiten verantwortlich. Die verlinkten Seiten wurden zum Zeitpunkt der Verlinkung auf m\u00f6gliche Rechtsverst\u00f6\u00dfe \u00fcberpr\u00fcft. Rechtswidrige Inhalte waren zum Zeitpunkt der Verlinkung nicht erkennbar.<\/span><\/div><div style=\"caret-color: #333333; color: #333333; font-family: Montserrat, sans-serif; font-size: 16px; text-align: left; border: 0px; margin: 0px 0px 35px; padding: 0px; vertical-align: baseline; outline: 0px; background-position: 0px 0px;\"><div style=\"border: 0px; margin: 0px; padding: 0px; vertical-align: baseline; outline: 0px; background-position: 0px 0px;\"><div style=\"border: 0px; margin: 0px; padding: 0px; vertical-align: baseline; outline: 0px; background-position: 0px 0px;\"><div style=\"border: 0px; margin: 0px; padding: 0px; vertical-align: baseline; outline: 0px; background-position: 0px 0px;\">\n<p style=\"margin-right: 0px; margin-bottom: 0px; margin-left: 0px; border: 0px; padding: 0px; vertical-align: baseline; outline: 0px; font-family: 'Open Sans', sans-serif; line-height: 23px; background-position: 0px 0px;\">Eine permanente inhaltliche Kontrolle der verlinkten Seiten ist jedoch ohne konkrete Anhaltspunkte einer Rechtsverletzung nicht zumutbar. Bei Bekanntwerden von Rechtsverletzungen werden wir derartige Links umgehend entfernen.<\/p>\n<p style=\"margin-right: 0px; margin-bottom: 0px; margin-left: 0px; border: 0px; padding: 0px; vertical-align: baseline; outline: 0px; font-family: 'Open Sans', sans-serif; line-height: 23px; background-position: 0px 0px;\">\n<\/p><\/div>\n<\/div>\n<\/div>\n<\/div>\n<h4><span style=\"border: 0px; margin: 0px; padding: 0px; vertical-align: baseline; outline: 0px; background-position: 0px 0px;\">Urheberrecht<\/span><\/h4>\n<div style=\"caret-color: #333333; color: #333333; font-family: Montserrat, sans-serif; font-size: 16px; text-align: left;\"><span style=\"font-family: &quot;Open Sans&quot;, sans-serif;\">Die durch die Seitenbetreiber erstellten Inhalte und Werke auf diesen Seiten unterliegen dem deutschen Urheberrecht. Die Vervielf\u00e4ltigung, Bearbeitung, Verbreitung und jede Art der Verwertung au\u00dferhalb der Grenzen des Urheberrechtes bed\u00fcrfen der schriftlichen Zustimmung des jeweiligen Autors bzw. Erstellers. Downloads und Kopien dieser Seite sind nur f\u00fcr den privaten, nicht kommerziellen Gebrauch gestattet.<\/span><\/div><div style=\"caret-color: #333333; color: #333333; font-family: Montserrat, sans-serif; font-size: 16px; text-align: left; border: 0px; margin: 0px 0px 35px; padding: 0px; vertical-align: baseline; outline: 0px; background-position: 0px 0px;\"><div style=\"border: 0px; margin: 0px; padding: 0px; vertical-align: baseline; outline: 0px; background-position: 0px 0px;\"><div style=\"border: 0px; margin: 0px; padding: 0px; vertical-align: baseline; outline: 0px; background-position: 0px 0px;\"><div style=\"border: 0px; margin: 0px; padding: 0px; vertical-align: baseline; outline: 0px; background-position: 0px 0px;\">\n<p style=\"margin-right: 0px; margin-bottom: 0px; margin-left: 0px; border: 0px; padding: 0px; vertical-align: baseline; outline: 0px; font-family: 'Open Sans', sans-serif; line-height: 23px; background-position: 0px 0px;\">Soweit die Inhalte auf dieser Seite nicht vom Betreiber erstellt wurden, werden die Urheberrechte Dritter beachtet. Insbesondere werden Inhalte Dritter als solche gekennzeichnet. Sollten Sie trotzdem auf eine Urheberrechtsverletzung aufmerksam werden, bitten wir um einen entsprechenden Hinweis. Bei Bekanntwerden von Rechtsverletzungen werden wir derartige Inhalte umgehend entfernen.<\/p>\n<\/div>\n<\/div>\n<\/div>\n<\/div>\n<div style=\"caret-color: #333333; color: #333333; font-family: Montserrat, sans-serif; font-size: 16px; text-align: left; border: 0px; margin: 0px; padding: 0px; vertical-align: baseline; outline: 0px; height: 12px; background-position: 0px 0px;\">&nbsp;<\/div>\n<h4><span style=\"border: 0px; margin: 0px; padding: 0px; vertical-align: baseline; outline: 0px; background-position: 0px 0px;\">Liability for&nbsp;<span style=\"border: 0px; margin: 0px; padding: 0px; vertical-align: baseline; outline: 0px; font-size: 14pt; background-position: 0px 0px;\">Contents<\/span><\/span><\/h4>\n<div style=\"caret-color: #333333; color: #333333; font-family: Montserrat, sans-serif; font-size: 16px; text-align: left; border: 0px; margin: 0px 0px 35px; padding: 0px; vertical-align: baseline; outline: 0px; background-position: 0px 0px;\">\n<div style=\"border: 0px; margin: 0px; padding: 0px; vertical-align: baseline; outline: 0px; background-position: 0px 0px;\">\n<div style=\"border: 0px; margin: 0px 0px 35px; padding: 0px; vertical-align: baseline; outline: 0px; background-position: 0px 0px;\">\n<div style=\"border: 0px; margin: 0px; padding: 0px; vertical-align: baseline; outline: 0px; background-position: 0px 0px;\"><span style=\"font-family: &quot;Open Sans&quot;, sans-serif;\">As service providers, we are liable for own contents of these websites according to Sec. 7, paragraph 1 German Telemedia Act (TMG). However, according to Sec. 8 to 10 German Telemedia Act (TMG), service providers are not obligated to permanently monitor submitted or stored information or to search for evidences that indicate illegal activities.<\/span><\/div><\/div><div style=\"border: 0px; margin: 0px; padding: 0px; vertical-align: baseline; outline: 0px; background-position: 0px 0px;\"><div style=\"border: 0px; margin: 0px; padding: 0px; vertical-align: baseline; outline: 0px; background-position: 0px 0px;\">\n<p style=\"margin-right: 0px; margin-bottom: 0px; margin-left: 0px; border: 0px; padding: 0px; vertical-align: baseline; outline: 0px; font-family: 'Open Sans', sans-serif; line-height: 23px; background-position: 0px 0px;\">Legal obligations to removing information or to blocking the use of information remain unchallenged. In this case, liability is only possible at the time of knowledge about a specific violation of law. Illegal contents will be removed immediately at the time we get knowledge of them.<\/p>\n<p style=\"margin-right: 0px; margin-bottom: 0px; margin-left: 0px; border: 0px; padding: 0px; vertical-align: baseline; outline: 0px; font-family: 'Open Sans', sans-serif; line-height: 23px; background-position: 0px 0px;\">\n<\/p><\/div>\n<\/div>\n<\/div>\n<\/div>\n<h4><span style=\"border: 0px; margin: 0px; padding: 0px; vertical-align: baseline; outline: 0px; background-position: 0px 0px;\">Liability for Links<\/span><\/h4>\n<div style=\"caret-color: #333333; color: #333333; font-family: Montserrat, sans-serif; font-size: 16px; text-align: left;\"><span style=\"border: 0px; margin: 0px; padding: 0px; vertical-align: baseline; outline: 0px; background-position: 0px 0px;\">&nbsp;<\/span><\/div>\n<div style=\"caret-color: #333333; color: #333333; font-family: Montserrat, sans-serif; font-size: 16px; text-align: left; border: 0px; margin: 0px 0px 35px; padding: 0px; vertical-align: baseline; outline: 0px; background-position: 0px 0px;\">\n<div style=\"border: 0px; margin: 0px; padding: 0px; vertical-align: baseline; outline: 0px; background-position: 0px 0px;\">\n<div style=\"border: 0px; margin: 0px; padding: 0px; vertical-align: baseline; outline: 0px; background-position: 0px 0px;\">\n<div style=\"border: 0px; margin: 0px; padding: 0px; vertical-align: baseline; outline: 0px; background-position: 0px 0px;\">\n<p style=\"margin-right: 0px; margin-bottom: 0px; margin-left: 0px; border: 0px; padding: 0px; vertical-align: baseline; outline: 0px; font-family: 'Open Sans', sans-serif; line-height: 23px; background-position: 0px 0px;\">Our offer includes links to external third party websites. We have no influence on the contents of those websites, therefore we cannot guarantee for those contents. Providers or administrators of linked websites are always responsible for their own contents.<\/p>\n<p style=\"margin-right: 0px; margin-bottom: 0px; margin-left: 0px; border: 0px; padding: 0px; vertical-align: baseline; outline: 0px; font-family: 'Open Sans', sans-serif; line-height: 23px; background-position: 0px 0px;\">The linked websites had been checked for possible violations of law at the time of the establishment of the link. Illegal contents were not detected at the time of the linking. A permanent monitoring of the contents of linked websites cannot be imposed without reasonable indications that there has been a violation of law. Illegal links will be removed immediately at the time we get knowledge of them.<\/p>\n<p style=\"margin-right: 0px; margin-bottom: 0px; margin-left: 0px; border: 0px; padding: 0px; vertical-align: baseline; outline: 0px; font-family: 'Open Sans', sans-serif; line-height: 23px; background-position: 0px 0px;\"><span style=\"color: #3c3c3c; font-family: Montserrat, sans-serif; font-size: 17px; letter-spacing: 0px; border: 0px; margin: 0px; padding: 0px; vertical-align: baseline; outline: 0px; background-position: 0px 0px;\">Copyright<\/span><\/p>\n<\/div>\n<\/div>\n<\/div>\n<\/div>\n<div style=\"caret-color: #333333; color: #333333; font-family: Montserrat, sans-serif; font-size: 16px; text-align: left; border: 0px; margin: 0px 0px 35px; padding: 0px; vertical-align: baseline; outline: 0px; background-position: 0px 0px;\">\n<div style=\"border: 0px; margin: 0px; padding: 0px; vertical-align: baseline; outline: 0px; background-position: 0px 0px;\">\n<div style=\"border: 0px; margin: 0px; padding: 0px; vertical-align: baseline; outline: 0px; background-position: 0px 0px;\">\n<div style=\"border: 0px; margin: 0px; padding: 0px; vertical-align: baseline; outline: 0px; background-position: 0px 0px;\">\n<p style=\"margin-right: 0px; margin-bottom: 0px; margin-left: 0px; border: 0px; padding: 0px; vertical-align: baseline; outline: 0px; font-family: 'Open Sans', sans-serif; line-height: 23px; background-position: 0px 0px;\">Contents and compilations published on these websites by the providers are subject to German copyright laws. Reproduction, editing, distribution as well as the use of any kind outside the scope of the copyright law require a written permission of the author or originator. Downloads and copies of these websites are permitted for private use only.<br style=\"margin-bottom: 0px;\">The commercial use of our contents without permission of the originator is prohibited.<\/p>\n<\/div>\n<\/div>\n<\/div>\n<\/div>\n<p><span style=\"font-family: 'Open Sans', sans-serif; caret-color: #333333; color: #333333; font-size: 16px; text-align: left;\">Copyright laws of third parties are respected as long as the contents on these websites do not originate from the provider. Contributions of third parties on this site are indicated as such. However, if you notice any violations of copyright law, please inform us. Such contents will be removed immediately.<\/span><span style=\"font-family: 'Open Sans', sans-serif; caret-color: #333333; color: #333333; font-size: 16px; text-align: left; letter-spacing: 0px;\">&nbsp;<\/span><\/p>\t\t\t\t\t\t\t\t<\/div>\n\t\t\t\t<\/div>\n\t\t\t\t\t<\/div>\n\t\t<\/div>\n\t\t\t\t\t<\/div>\n\t\t<\/section>\n\t\t\t\t<\/div>","protected":false},"excerpt":{"rendered":"<p>Haftungs- Ausschluss Haftung f\u00fcr Inhalte Als Diensteanbieter sind wir gem\u00e4\u00df \u00a7 7 Abs.1 TMG f\u00fcr eigene Inhalte auf diesen Seiten nach den allgemeinen Gesetzen verantwortlich. Nach \u00a7\u00a7 8 bis 10 TMG sind wir als Diensteanbieter jedoch nicht verpflichtet, \u00fcbermittelte oder gespeicherte fremde Informationen zu \u00fcberwachen oder nach Umst\u00e4nden zu forschen, die auf eine rechtswidrige T\u00e4tigkeit [&hellip;]<\/p>\n","protected":false},"author":1,"featured_media":0,"parent":0,"menu_order":0,"comment_status":"closed","ping_status":"closed","template":"elementor_header_footer","meta":{"footnotes":""},"class_list":["post-1809","page","type-page","status-publish","hentry"],"jetpack_sharing_enabled":true,"_links":{"self":[{"href":"https:\/\/dr-fassbender.de\/en\/wp-json\/wp\/v2\/pages\/1809","targetHints":{"allow":["GET"]}}],"collection":[{"href":"https:\/\/dr-fassbender.de\/en\/wp-json\/wp\/v2\/pages"}],"about":[{"href":"https:\/\/dr-fassbender.de\/en\/wp-json\/wp\/v2\/types\/page"}],"author":[{"embeddable":true,"href":"https:\/\/dr-fassbender.de\/en\/wp-json\/wp\/v2\/users\/1"}],"replies":[{"embeddable":true,"href":"https:\/\/dr-fassbender.de\/en\/wp-json\/wp\/v2\/comments?post=1809"}],"version-history":[{"count":0,"href":"https:\/\/dr-fassbender.de\/en\/wp-json\/wp\/v2\/pages\/1809\/revisions"}],"wp:attachment":[{"href":"https:\/\/dr-fassbender.de\/en\/wp-json\/wp\/v2\/media?parent=1809"}],"curies":[{"name":"wp","href":"https:\/\/api.w.org\/{rel}","templated":true}]}}