{"id":1504,"date":"2021-12-30T06:43:29","date_gmt":"2021-12-30T06:43:29","guid":{"rendered":"https:\/\/dr-fassbender.de\/?page_id=1504"},"modified":"2026-01-05T12:50:39","modified_gmt":"2026-01-05T12:50:39","slug":"nicole-denise-fassbender","status":"publish","type":"page","link":"https:\/\/dr-fassbender.de\/en\/nicole-denise-fassbender\/","title":{"rendered":"Nicole-Denise Fassbender"},"content":{"rendered":"<div data-elementor-type=\"wp-page\" data-elementor-id=\"1504\" class=\"elementor elementor-1504\">\n\t\t\t\t\t\t<section class=\"elementor-section elementor-top-section elementor-element elementor-element-5415e6c elementor-section-height-min-height elementor-section-boxed elementor-section-height-default elementor-section-items-middle\" data-id=\"5415e6c\" data-element_type=\"section\" data-e-type=\"section\" data-settings=\"{&quot;background_background&quot;:&quot;classic&quot;}\">\n\t\t\t\t\t\t<div class=\"elementor-container elementor-column-gap-no\">\n\t\t\t\t\t<div class=\"elementor-column elementor-col-100 elementor-top-column elementor-element elementor-element-19203b5\" data-id=\"19203b5\" data-element_type=\"column\" data-e-type=\"column\">\n\t\t\t<div class=\"elementor-widget-wrap elementor-element-populated\">\n\t\t\t\t\t\t\t<\/div>\n\t\t<\/div>\n\t\t\t\t\t<\/div>\n\t\t<\/section>\n\t\t\t\t<section class=\"elementor-section elementor-top-section elementor-element elementor-element-5a11c0b elementor-section-full_width elementor-section-height-default elementor-section-height-default\" data-id=\"5a11c0b\" data-element_type=\"section\" data-e-type=\"section\">\n\t\t\t\t\t\t<div class=\"elementor-container elementor-column-gap-no\">\n\t\t\t\t\t<div class=\"elementor-column elementor-col-100 elementor-top-column elementor-element elementor-element-1d4bbe5\" data-id=\"1d4bbe5\" data-element_type=\"column\" data-e-type=\"column\">\n\t\t\t<div class=\"elementor-widget-wrap elementor-element-populated\">\n\t\t\t\t\t\t<div class=\"elementor-element elementor-element-ecca7a1 elementor-absolute elementor-widget elementor-widget-image\" data-id=\"ecca7a1\" data-element_type=\"widget\" data-e-type=\"widget\" data-settings=\"{&quot;_position&quot;:&quot;absolute&quot;}\" data-widget_type=\"image.default\">\n\t\t\t\t<div class=\"elementor-widget-container\">\n\t\t\t\t\t\t\t\t\t\t\t\t\t\t\t<img fetchpriority=\"high\" decoding=\"async\" width=\"1599\" height=\"170\" src=\"https:\/\/dr-fassbender.de\/wp-content\/uploads\/2021\/12\/banner-shape.png\" class=\"attachment-full size-full wp-image-8\" alt=\"\" srcset=\"https:\/\/dr-fassbender.de\/wp-content\/uploads\/2021\/12\/banner-shape.png 1599w, https:\/\/dr-fassbender.de\/wp-content\/uploads\/2021\/12\/banner-shape-300x32.png 300w, https:\/\/dr-fassbender.de\/wp-content\/uploads\/2021\/12\/banner-shape-1024x109.png 1024w, https:\/\/dr-fassbender.de\/wp-content\/uploads\/2021\/12\/banner-shape-768x82.png 768w, https:\/\/dr-fassbender.de\/wp-content\/uploads\/2021\/12\/banner-shape-1536x163.png 1536w\" sizes=\"(max-width: 1599px) 100vw, 1599px\" \/>\t\t\t\t\t\t\t\t\t\t\t\t\t\t\t<\/div>\n\t\t\t\t<\/div>\n\t\t\t\t\t<\/div>\n\t\t<\/div>\n\t\t\t\t\t<\/div>\n\t\t<\/section>\n\t\t\t\t<section class=\"elementor-section elementor-top-section elementor-element elementor-element-a2399aa elementor-section-boxed elementor-section-height-default elementor-section-height-default\" data-id=\"a2399aa\" data-element_type=\"section\" data-e-type=\"section\" data-settings=\"{&quot;background_background&quot;:&quot;classic&quot;}\">\n\t\t\t\t\t\t<div class=\"elementor-container elementor-column-gap-no\">\n\t\t\t\t\t<div class=\"elementor-column elementor-col-100 elementor-top-column elementor-element elementor-element-2d7fcad\" data-id=\"2d7fcad\" data-element_type=\"column\" data-e-type=\"column\">\n\t\t\t<div class=\"elementor-widget-wrap elementor-element-populated\">\n\t\t\t\t\t\t<div class=\"elementor-element elementor-element-d92fc9d elementor-widget elementor-widget-heading\" data-id=\"d92fc9d\" data-element_type=\"widget\" data-e-type=\"widget\" data-widget_type=\"heading.default\">\n\t\t\t\t<div class=\"elementor-widget-container\">\n\t\t\t\t\t<h2 class=\"elementor-heading-title elementor-size-default\">Nicole-Denise Fassbender<\/h2>\t\t\t\t<\/div>\n\t\t\t\t<\/div>\n\t\t\t\t<div class=\"elementor-element elementor-element-582b35d elementor-widget elementor-widget-text-editor\" data-id=\"582b35d\" data-element_type=\"widget\" data-e-type=\"widget\" data-widget_type=\"text-editor.default\">\n\t\t\t\t<div class=\"elementor-widget-container\">\n\t\t\t\t\t\t\t\t\t<p>Attorney at law and mediator<\/p>\t\t\t\t\t\t\t\t<\/div>\n\t\t\t\t<\/div>\n\t\t\t\t\t<\/div>\n\t\t<\/div>\n\t\t\t\t\t<\/div>\n\t\t<\/section>\n\t\t\t\t<section class=\"elementor-section elementor-top-section elementor-element elementor-element-5b741b8 elementor-section-boxed elementor-section-height-default elementor-section-height-default\" data-id=\"5b741b8\" data-element_type=\"section\" data-e-type=\"section\" data-settings=\"{&quot;background_background&quot;:&quot;classic&quot;}\">\n\t\t\t\t\t\t<div class=\"elementor-container elementor-column-gap-default\">\n\t\t\t\t\t<div class=\"elementor-column elementor-col-100 elementor-top-column elementor-element elementor-element-8da9d6f\" data-id=\"8da9d6f\" data-element_type=\"column\" data-e-type=\"column\">\n\t\t\t<div class=\"elementor-widget-wrap elementor-element-populated\">\n\t\t\t\t\t\t<div class=\"elementor-element elementor-element-c8f8197 elementor-widget elementor-widget-eael-feature-list\" data-id=\"c8f8197\" data-element_type=\"widget\" data-e-type=\"widget\" data-widget_type=\"eael-feature-list.default\">\n\t\t\t\t<div class=\"elementor-widget-container\">\n\t\t\t\t\t\t\t<div class=\"-icon-position-left -tablet-icon-position-left -mobile-icon-position-left\">\n\t\t\t<ul id=\"eael-feature-list-c8f8197\" class=\"eael-feature-list-items circle stacked  eael-feature-list-vertical\" data-layout-tablet=\"vertical\" data-layout-mobile=\"vertical\">\n\t\t\t                <li class=\"eael-feature-list-item elementor-repeater-item-63c0ca5\">\n                    \n\t\t\t\t\t\t<div class=\"eael-feature-list-icon-box\">\n\t\t\t\t\t\t\t<div class=\"eael-feature-list-icon-inner\">\n\n\t\t\t\t\t\t\t\t<span class=\"eael-feature-list-icon fl-icon-0\">\n\n\t\t<i aria-hidden=\"true\" class=\"fas fa-chevron-right\"><\/i>\t\t\t\t\t\t\t\t<\/span>\n\t\t\t\t\t\t\t<\/div>\n\t\t\t\t\t\t<\/div>\n\t\t\t\t\t\t<div class=\"eael-feature-list-content-box\">\n                            <h2 class=\"eael-feature-list-title\"><\/h2>\t\t\t\t\t\t<p class=\"eael-feature-list-content\">Admitted to the bar since 2002<\/p>\n\t\t\t\t\t\t<\/div>\n\n\t\t\t\t\t<\/li>\n\t\t\t\t                <li class=\"eael-feature-list-item elementor-repeater-item-3d8dd47\">\n                    \n\t\t\t\t\t\t<div class=\"eael-feature-list-icon-box\">\n\t\t\t\t\t\t\t<div class=\"eael-feature-list-icon-inner\">\n\n\t\t\t\t\t\t\t\t<span class=\"eael-feature-list-icon fl-icon-1\">\n\n\t\t<i aria-hidden=\"true\" class=\"fas fa-chevron-right\"><\/i>\t\t\t\t\t\t\t\t<\/span>\n\t\t\t\t\t\t\t<\/div>\n\t\t\t\t\t\t<\/div>\n\t\t\t\t\t\t<div class=\"eael-feature-list-content-box\">\n                            <h2 class=\"eael-feature-list-title\"><\/h2>\t\t\t\t\t\t<p class=\"eael-feature-list-content\"> Initially employed as in-house lawyer with focus on contract and insurance law.<\/p>\n\t\t\t\t\t\t<\/div>\n\n\t\t\t\t\t<\/li>\n\t\t\t\t                <li class=\"eael-feature-list-item elementor-repeater-item-7d2676e\">\n                    \n\t\t\t\t\t\t<div class=\"eael-feature-list-icon-box\">\n\t\t\t\t\t\t\t<div class=\"eael-feature-list-icon-inner\">\n\n\t\t\t\t\t\t\t\t<span class=\"eael-feature-list-icon fl-icon-2\">\n\n\t\t<i aria-hidden=\"true\" class=\"fas fa-chevron-right\"><\/i>\t\t\t\t\t\t\t\t<\/span>\n\t\t\t\t\t\t\t<\/div>\n\t\t\t\t\t\t<\/div>\n\t\t\t\t\t\t<div class=\"eael-feature-list-content-box\">\n                            <h2 class=\"eael-feature-list-title\"><\/h2>\t\t\t\t\t\t<p class=\"eael-feature-list-content\">Admitted to all local, state and higher regional courts in the Federal Republic of Germany.<\/p>\n\t\t\t\t\t\t<\/div>\n\n\t\t\t\t\t<\/li>\n\t\t\t\t                <li class=\"eael-feature-list-item elementor-repeater-item-31e8aee\">\n                    \n\t\t\t\t\t\t<div class=\"eael-feature-list-icon-box\">\n\t\t\t\t\t\t\t<div class=\"eael-feature-list-icon-inner\">\n\n\t\t\t\t\t\t\t\t<span class=\"eael-feature-list-icon fl-icon-3\">\n\n\t\t<i aria-hidden=\"true\" class=\"fas fa-chevron-right\"><\/i>\t\t\t\t\t\t\t\t<\/span>\n\t\t\t\t\t\t\t<\/div>\n\t\t\t\t\t\t<\/div>\n\t\t\t\t\t\t<div class=\"eael-feature-list-content-box\">\n                            <h2 class=\"eael-feature-list-title\"><\/h2>\t\t\t\t\t\t<p class=\"eael-feature-list-content\">Also admitted to the courts in Switzerland.\n<\/p>\n\t\t\t\t\t\t<\/div>\n\n\t\t\t\t\t<\/li>\n\t\t\t\t                <li class=\"eael-feature-list-item elementor-repeater-item-346828f\">\n                    \n\t\t\t\t\t\t<div class=\"eael-feature-list-icon-box\">\n\t\t\t\t\t\t\t<div class=\"eael-feature-list-icon-inner\">\n\n\t\t\t\t\t\t\t\t<span class=\"eael-feature-list-icon fl-icon-4\">\n\n\t\t<i aria-hidden=\"true\" class=\"fas fa-chevron-right\"><\/i>\t\t\t\t\t\t\t\t<\/span>\n\t\t\t\t\t\t\t<\/div>\n\t\t\t\t\t\t<\/div>\n\t\t\t\t\t\t<div class=\"eael-feature-list-content-box\">\n                            <h2 class=\"eael-feature-list-title\"><\/h2>\t\t\t\t\t\t<p class=\"eael-feature-list-content\">Carries out debt collection throughout Switzerland.\n\n<\/p>\n\t\t\t\t\t\t<\/div>\n\n\t\t\t\t\t<\/li>\n\t\t\t\t                <li class=\"eael-feature-list-item elementor-repeater-item-c4fd4d1\">\n                    \n\t\t\t\t\t\t<div class=\"eael-feature-list-icon-box\">\n\t\t\t\t\t\t\t<div class=\"eael-feature-list-icon-inner\">\n\n\t\t\t\t\t\t\t\t<span class=\"eael-feature-list-icon fl-icon-5\">\n\n\t\t<i aria-hidden=\"true\" class=\"fas fa-chevron-right\"><\/i>\t\t\t\t\t\t\t\t<\/span>\n\t\t\t\t\t\t\t<\/div>\n\t\t\t\t\t\t<\/div>\n\t\t\t\t\t\t<div class=\"eael-feature-list-content-box\">\n                            <h2 class=\"eael-feature-list-title\"><\/h2>\t\t\t\t\t\t<p class=\"eael-feature-list-content\">Certified mediator since 2009.<\/p>\n\t\t\t\t\t\t<\/div>\n\n\t\t\t\t\t<\/li>\n\t\t\t\t                <li class=\"eael-feature-list-item elementor-repeater-item-096df7f\">\n                    \n\t\t\t\t\t\t<div class=\"eael-feature-list-icon-box\">\n\t\t\t\t\t\t\t<div class=\"eael-feature-list-icon-inner\">\n\n\t\t\t\t\t\t\t\t<span class=\"eael-feature-list-icon fl-icon-6\">\n\n\t\t<i aria-hidden=\"true\" class=\"fas fa-chevron-right\"><\/i>\t\t\t\t\t\t\t\t<\/span>\n\t\t\t\t\t\t\t<\/div>\n\t\t\t\t\t\t<\/div>\n\t\t\t\t\t\t<div class=\"eael-feature-list-content-box\">\n                            <h2 class=\"eael-feature-list-title\"><\/h2>\t\t\t\t\t\t<p class=\"eael-feature-list-content\">In 2012 training as a teaching trainer Mediation BMWA\u00ae.<\/p>\n\t\t\t\t\t\t<\/div>\n\n\t\t\t\t\t<\/li>\n\t\t\t\t\t\t\t<\/ul>\n\t\t<\/div>\n\t\t\t\t\t\t<\/div>\n\t\t\t\t<\/div>\n\t\t\t\t<div class=\"elementor-element elementor-element-4d44d69 elementor-widget elementor-widget-text-editor\" data-id=\"4d44d69\" data-element_type=\"widget\" data-e-type=\"widget\" data-widget_type=\"text-editor.default\">\n\t\t\t\t<div class=\"elementor-widget-container\">\n\t\t\t\t\t\t\t\t\t<h5>Attorney Nicole-Denise Fa\u00dfbender is probably one of the most experienced attorneys in the field of enforcement of European and especially German court decisions in Switzerland. In this area she has already accompanied more than 1000 proceedings.<\/h5>\t\t\t\t\t\t\t\t<\/div>\n\t\t\t\t<\/div>\n\t\t\t\t<div class=\"elementor-element elementor-element-f3aeb83 elementor-widget elementor-widget-text-editor\" data-id=\"f3aeb83\" data-element_type=\"widget\" data-e-type=\"widget\" data-widget_type=\"text-editor.default\">\n\t\t\t\t<div class=\"elementor-widget-container\">\n\t\t\t\t\t\t\t\t\t<span style=\"color: #333333; font-family: Raleway, sans-serif; caret-color: #000000; font-size: medium; text-align: justify; background-color: transparent;\">Nicole-Denise Fassbender has been a lawyer for more than 20 years and has since worked in her own law firms, which she currently runs in Meilen (Zurich) and Constance together with her husband, Dr. iur. Marcel Fassbender. Nicole-Denise Fassbender is admitted to practice before all German District, Regional and Higher Regional Courts. In addition, she is registered in Switzerland on the list of attorneys-at-law pursuant to Art. 28 BGFA and can therefore represent parties before judicial authorities in Switzerland on a permanent basis. She is a member of the Freiburg Bar Association.<\/span>\n<p class=\"MsoNormal\" style=\"font-size: medium; caret-color: #000000; color: #000000; text-align: justify; line-height: 17.25pt; background-color: transparent; vertical-align: baseline;\"><span style=\"font-family: Raleway, sans-serif; color: #333333;\">Ms. Fassbender is a proven expert in the enforcement of claims that have been established (titled) in Europe, but primarily in Germany, and are directed against debtors whose domicile is in Switzerland or who have assets (including income from wages) in Switzerland.<\/span><\/p>\n<p class=\"MsoNormal\" style=\"font-size: medium; caret-color: #000000; color: #000000; text-align: justify; line-height: 17.25pt; background-color: transparent; vertical-align: baseline;\"><span style=\"font-family: Raleway, sans-serif; color: #333333;\">In several hundred proceedings, she has successfully helped her clients to enforce their justified claims, in some cases claims that had not been pursued for many years. The focus of her work is on the enforcement of such claims within the framework of the usual debt collection or attachment proceedings in Switzerland, the subsequent so-called legal opening proceedings, the bankruptcy opening proceedings and all other related activities.\u00a0<\/span><\/p>\n<p class=\"MsoNormal\" style=\"font-size: medium; caret-color: #000000; color: #000000; text-align: justify; line-height: 17.25pt; background-color: transparent; vertical-align: baseline;\"><span style=\"font-family: Raleway, sans-serif; color: #333333;\">Ms. Fa\u00dfbender is a specialist in the Lugano Convention (Lug\u00dc) and the Debt Collection and Bankruptcy Act (SchKG).<\/span><\/p>\n<p class=\"MsoNormal\" style=\"font-size: medium; caret-color: #000000; color: #000000; text-align: justify; line-height: 17.25pt; background-color: transparent; vertical-align: baseline;\"><span style=\"font-family: Raleway, sans-serif; color: #333333;\">In this regard, Attorney at Law Fassbender offers the competence to overcome the not always easy aspect of cross-border enforcement of claims for her clients in a cost-optimized and professional manner. As a lawyer admitted to the bar in Germany and Switzerland, she supports, among others, many German law firms which, for both professional and purely legal reasons, cannot offer the enforcement of such claims against debtors in Switzerland.<\/span><\/p>\n<p class=\"MsoNormal\" style=\"font-size: medium; caret-color: #000000; color: #000000; text-align: justify; line-height: 17.25pt; background-color: transparent; vertical-align: baseline;\"><span style=\"font-family: Raleway, sans-serif; color: #333333;\">Her clients include not only lawyers, private individuals and SMEs, but also job centers, ARGE, police authorities, corporations, associations, cities, municipalities, health insurance companies, associations of panel doctors, administrative authorities, banks, savings banks, insolvency administrators, insurance companies, housing associations, collection agencies and many more.<\/span><\/p>\n<p class=\"MsoNormal\" style=\"font-size: medium; caret-color: #000000; color: #000000; text-align: justify; line-height: 17.25pt; background-color:; vertical-align: baseline;\"><span style=\"font-family: Raleway, sans-serif; color: #333333;\">Claims that Ms. Fassbender enforces include contractually owed payment claims, alimony claims, salary claims, rent arrears, personal and bank loans, fee notices, claims for damages, cost assessment orders, applications for the insolvency table, attorney fees, medical bills, etc.<\/span><\/p>\n<p class=\"MsoNormal\" style=\"font-size: medium; caret-color: #000000; color: #000000; text-align: justify; line-height: 17.25pt; background-color:; vertical-align: baseline;\"><span style=\"font-family: Raleway, sans-serif; color: #333333;\">At the same time, Nicole-Denise Fassbender is a qualified mediator.<\/span><\/p>\n<span style=\"color: #333333; font-family: Raleway, sans-serif; caret-color: #000000; font-size: medium; text-align: justify; background-color: ;\">Together with Dr. Marcel Fassbender, attorney at law, she conducts mediations in all conceivable constellations, in particular business mediations.<\/span>\n\n<style class=\"WebKit-mso-list-quirks-style\">\n<!-- \/* Style Definitions *\/ p.MsoNormal, li.MsoNormal, div.MsoNormal {mso-style-unhide:no; mso-style-qformat:yes; mso-style-parent:\"\"; margin:0cm; mso-pagination:widow-orphan; font-size:12.0pt; font-family:\"Calibri\",sans-serif; mso-ascii-font-family:Calibri; mso-ascii-theme-font:minor-latin; mso-fareast-font-family:Calibri; mso-fareast-theme-font:minor-latin; mso-hansi-font-family:Calibri; mso-hansi-theme-font:minor-latin; mso-bidi-font-family:\"Times New Roman\"; mso-bidi-theme-font:minor-bidi; mso-fareast-language:EN-US;} .MsoChpDefault {mso-style-type:export-only; mso-default-props:yes; font-family:\"Calibri\",sans-serif; mso-ascii-font-family:Calibri; mso-ascii-theme-font:minor-latin; mso-fareast-font-family:Calibri; mso-fareast-theme-font:minor-latin; mso-hansi-font-family:Calibri; mso-hansi-theme-font:minor-latin; mso-bidi-font-family:\"Times New Roman\"; mso-bidi-theme-font:minor-bidi; mso-fareast-language:EN-US;} @page WordSection1 {size:612.0pt 792.0pt; margin:70.85pt 70.85pt 2.0cm 70.85pt; mso-header-margin:36.0pt; mso-footer-margin:36.0pt; mso-paper-source:0;} div.WordSection1 {page:WordSection1;} \/* List Definitions *\/ @list l0 {mso-list-id:1146167685; mso-list-template-ids:1116506658;} @list l0:level1 {mso-level-number-format:bullet; mso-level-text:\uf0b7; mso-level-tab-stop:36.0pt; mso-level-number-position:left; text-indent:-18.0pt; mso-ansi-font-size:10.0pt; font-family:Symbol;} @list l0:level2 {mso-level-number-format:bullet; mso-level-text:o; mso-level-tab-stop:72.0pt; mso-level-number-position:left; text-indent:-18.0pt; mso-ansi-font-size:10.0pt; font-family:\"Courier New\"; mso-bidi-font-family:\"Times New Roman\";} @list l0:level3 {mso-level-number-format:bullet; mso-level-text:\uf0a7; mso-level-tab-stop:108.0pt; mso-level-number-position:left; text-indent:-18.0pt; mso-ansi-font-size:10.0pt; font-family:Wingdings;} @list l0:level4 {mso-level-number-format:bullet; mso-level-text:\uf0a7; mso-level-tab-stop:144.0pt; mso-level-number-position:left; text-indent:-18.0pt; mso-ansi-font-size:10.0pt; font-family:Wingdings;} @list l0:level5 {mso-level-number-format:bullet; mso-level-text:\uf0a7; mso-level-tab-stop:180.0pt; mso-level-number-position:left; text-indent:-18.0pt; mso-ansi-font-size:10.0pt; font-family:Wingdings;} @list l0:level6 {mso-level-number-format:bullet; mso-level-text:\uf0a7; mso-level-tab-stop:216.0pt; mso-level-number-position:left; text-indent:-18.0pt; mso-ansi-font-size:10.0pt; font-family:Wingdings;} @list l0:level7 {mso-level-number-format:bullet; mso-level-text:\uf0a7; mso-level-tab-stop:252.0pt; mso-level-number-position:left; text-indent:-18.0pt; mso-ansi-font-size:10.0pt; font-family:Wingdings;} @list l0:level8 {mso-level-number-format:bullet; mso-level-text:\uf0a7; mso-level-tab-stop:288.0pt; mso-level-number-position:left; text-indent:-18.0pt; mso-ansi-font-size:10.0pt; font-family:Wingdings;} @list l0:level9 {mso-level-number-format:bullet; mso-level-text:\uf0a7; mso-level-tab-stop:324.0pt; mso-level-number-position:left; text-indent:-18.0pt; mso-ansi-font-size:10.0pt; font-family:Wingdings;} --><br \/><\/style>\t\t\t\t\t\t\t\t<\/div>\n\t\t\t\t<\/div>\n\t\t\t\t\t<\/div>\n\t\t<\/div>\n\t\t\t\t\t<\/div>\n\t\t<\/section>\n\t\t\t\t<section class=\"elementor-section elementor-top-section elementor-element elementor-element-21b91bc elementor-section-boxed elementor-section-height-default elementor-section-height-default\" data-id=\"21b91bc\" data-element_type=\"section\" data-e-type=\"section\" data-settings=\"{&quot;background_background&quot;:&quot;classic&quot;}\">\n\t\t\t\t\t\t<div class=\"elementor-container elementor-column-gap-default\">\n\t\t\t\t\t<div class=\"elementor-column elementor-col-100 elementor-top-column elementor-element elementor-element-c1879ee\" data-id=\"c1879ee\" data-element_type=\"column\" data-e-type=\"column\">\n\t\t\t<div class=\"elementor-widget-wrap elementor-element-populated\">\n\t\t\t\t\t\t<div class=\"elementor-element elementor-element-3cbd69f elementor-shape-circle e-grid-align-left elementor-grid-0 elementor-widget elementor-widget-social-icons\" data-id=\"3cbd69f\" data-element_type=\"widget\" data-e-type=\"widget\" data-widget_type=\"social-icons.default\">\n\t\t\t\t<div class=\"elementor-widget-container\">\n\t\t\t\t\t\t\t<div class=\"elementor-social-icons-wrapper elementor-grid\" role=\"list\">\n\t\t\t\t\t\t\t<span class=\"elementor-grid-item\" role=\"listitem\">\n\t\t\t\t\t<a class=\"elementor-icon elementor-social-icon elementor-social-icon-xing elementor-repeater-item-b3d3453\" target=\"_blank\">\n\t\t\t\t\t\t<span class=\"elementor-screen-only\">Xing<\/span>\n\t\t\t\t\t\t<i aria-hidden=\"true\" class=\"fab fa-xing\"><\/i>\t\t\t\t\t<\/a>\n\t\t\t\t<\/span>\n\t\t\t\t\t\t\t<span class=\"elementor-grid-item\" role=\"listitem\">\n\t\t\t\t\t<a class=\"elementor-icon elementor-social-icon elementor-social-icon-linkedin-in elementor-repeater-item-1652f68\" target=\"_blank\">\n\t\t\t\t\t\t<span class=\"elementor-screen-only\">Linkedin-in<\/span>\n\t\t\t\t\t\t<i aria-hidden=\"true\" class=\"fab fa-linkedin-in\"><\/i>\t\t\t\t\t<\/a>\n\t\t\t\t<\/span>\n\t\t\t\t\t<\/div>\n\t\t\t\t\t\t<\/div>\n\t\t\t\t<\/div>\n\t\t\t\t\t<\/div>\n\t\t<\/div>\n\t\t\t\t\t<\/div>\n\t\t<\/section>\n\t\t\t\t<\/div>","protected":false},"excerpt":{"rendered":"<p>Nicole-Denise Fassbender Rechtsanw\u00e4ltin und Mediatorin Seit 2002 zugelassene Rechtsanw\u00e4ltin Zun\u00e4chst angestellt t\u00e4tig als Syndikusanw\u00e4ltin mit Schwerpunkt im Vertrags und Versicherungsrecht. Zugelassen an allen Amts-, Landes- und Oberlandesgerichten der Bundesrepublik Deutschland. Ebenfalls zugelassen im Kanton Z\u00fcrich in der Schweiz. F\u00fchrt Betreibungen in der gesamten Schweiz durch. Seit 2009 zertifizierte Mediatorin. In 2012 Ausbildung zur Lehrtrainerin Mediation [&hellip;]<\/p>\n","protected":false},"author":1,"featured_media":0,"parent":0,"menu_order":0,"comment_status":"closed","ping_status":"closed","template":"elementor_header_footer","meta":{"footnotes":""},"class_list":["post-1504","page","type-page","status-publish","hentry"],"jetpack_sharing_enabled":true,"_links":{"self":[{"href":"https:\/\/dr-fassbender.de\/en\/wp-json\/wp\/v2\/pages\/1504","targetHints":{"allow":["GET"]}}],"collection":[{"href":"https:\/\/dr-fassbender.de\/en\/wp-json\/wp\/v2\/pages"}],"about":[{"href":"https:\/\/dr-fassbender.de\/en\/wp-json\/wp\/v2\/types\/page"}],"author":[{"embeddable":true,"href":"https:\/\/dr-fassbender.de\/en\/wp-json\/wp\/v2\/users\/1"}],"replies":[{"embeddable":true,"href":"https:\/\/dr-fassbender.de\/en\/wp-json\/wp\/v2\/comments?post=1504"}],"version-history":[{"count":6,"href":"https:\/\/dr-fassbender.de\/en\/wp-json\/wp\/v2\/pages\/1504\/revisions"}],"predecessor-version":[{"id":6321,"href":"https:\/\/dr-fassbender.de\/en\/wp-json\/wp\/v2\/pages\/1504\/revisions\/6321"}],"wp:attachment":[{"href":"https:\/\/dr-fassbender.de\/en\/wp-json\/wp\/v2\/media?parent=1504"}],"curies":[{"name":"wp","href":"https:\/\/api.w.org\/{rel}","templated":true}]}}